{"id":48531,"date":"2022-01-16T19:05:33","date_gmt":"2022-01-16T19:05:33","guid":{"rendered":"https:\/\/www.vulkohose.com\/?product=crijevo-vruci-zrak-kopresor-cisterna-cement-en"},"modified":"2025-01-21T11:08:27","modified_gmt":"2025-01-21T11:08:27","slug":"crijevo-vruci-zrak-kopresor-cisterna-cement-en","status":"publish","type":"product","link":"https:\/\/www.vulkohose.com\/en\/proizvod\/crijevo-vruci-zrak-kopresor-cisterna-cement-en\/","title":{"rendered":"HOT AIR COMPRESSOR HOSE 180\u00b0C"},"content":{"rendered":"<p>Flexible silicone hose for silo vehicles, connection between unloading air compressor and silo.<\/p>\n<p>Construction:<\/p>\n<p><strong>&#8211; Inner layer:<\/strong> smooth, silicone rubber.<\/p>\n<p><strong>&#8211; Reinforcement:<\/strong> aramid fibers and steel spiral.<\/p>\n<p><strong>&#8211; Outer layer:<\/strong> silicone rubber, ribbed with soft ends on both sides.<\/p>\n<p>&#8211; Maximum pressure: 6 bar.<\/p>\n<p>&#8211; Maximum vacuum: 0.8 bar.<\/p>\n<p><strong>&#8211; Operating temperature:<\/strong> from &#8211; 30 \u00b0C to + 180&nbsp;\u00b0C (short-term 250&nbsp;\u00b0C)<\/p>\n<p>The special feature of these pipes is that they are produced in a quality that allows maximum flexibility, without reducing the flow of media.<\/p>\n<p>Soft \/ flat ends on both sides, the possibility of performing the hose in reducing the diameter.<\/p>\n<p>Hoses are produced in the range of dimensions: ID&nbsp;\u00d8 50 mm, \u00d8 63 mm, \u00d8 76 mm, \u00d8102 mm, \u00d8 110 mm, and all combinations of lengths up to 8000 mm. ( on request we can produce other dimensions)<\/p>\n<p>Frequent applications of this product: for compressed hot air when unloading cement, working machines and plants &#8230; (not intended for the flow of cement and other abrasive materials)<\/p>\n<p>possibility of installing various couplings e.g. stortz (fire couplings) &#8230;<\/p>\n","protected":false},"excerpt":{"rendered":"<p>Flexible silicone hose for silo vehicles, connection between unloading air compressor and silo. Construction: &#8211; Inner layer: smooth, silicone rubber.<\/p>\n","protected":false},"featured_media":48508,"comment_status":"open","ping_status":"closed","template":"","meta":[],"product_brand":[],"product_cat":[4343],"product_tag":[3004,3003],"class_list":{"0":"post-48531","1":"product","2":"type-product","3":"status-publish","4":"has-post-thumbnail","6":"product_cat-crijevo-vruci-zrak-kopresor-cisterna-cement-istovar-en","7":"product_tag-cijevi-za-vruci-komprimirani-zrak","8":"product_tag-cijevi-za-vruci-zrak","10":"first","11":"outofstock","12":"taxable","13":"shipping-taxable","14":"purchasable","15":"product-type-simple"},"_links":{"self":[{"href":"https:\/\/www.vulkohose.com\/en\/wp-json\/wp\/v2\/product\/48531","targetHints":{"allow":["GET"]}}],"collection":[{"href":"https:\/\/www.vulkohose.com\/en\/wp-json\/wp\/v2\/product"}],"about":[{"href":"https:\/\/www.vulkohose.com\/en\/wp-json\/wp\/v2\/types\/product"}],"replies":[{"embeddable":true,"href":"https:\/\/www.vulkohose.com\/en\/wp-json\/wp\/v2\/comments?post=48531"}],"version-history":[{"count":0,"href":"https:\/\/www.vulkohose.com\/en\/wp-json\/wp\/v2\/product\/48531\/revisions"}],"wp:featuredmedia":[{"embeddable":true,"href":"https:\/\/www.vulkohose.com\/en\/wp-json\/wp\/v2\/media\/48508"}],"wp:attachment":[{"href":"https:\/\/www.vulkohose.com\/en\/wp-json\/wp\/v2\/media?parent=48531"}],"wp:term":[{"taxonomy":"product_brand","embeddable":true,"href":"https:\/\/www.vulkohose.com\/en\/wp-json\/wp\/v2\/product_brand?post=48531"},{"taxonomy":"product_cat","embeddable":true,"href":"https:\/\/www.vulkohose.com\/en\/wp-json\/wp\/v2\/product_cat?post=48531"},{"taxonomy":"product_tag","embeddable":true,"href":"https:\/\/www.vulkohose.com\/en\/wp-json\/wp\/v2\/product_tag?post=48531"}],"curies":[{"name":"wp","href":"https:\/\/api.w.org\/{rel}","templated":true}]}}